{"id":28519,"date":"2022-06-20T15:31:49","date_gmt":"2022-06-20T15:31:49","guid":{"rendered":"https:\/\/www.ivh9.si\/Ponudbe\/zenoaza2\/recepti-copy\/"},"modified":"2023-02-03T14:08:45","modified_gmt":"2023-02-03T14:08:45","slug":"o-meni","status":"publish","type":"page","link":"https:\/\/www.lepotilnicazaduso.com\/en\/o-meni\/","title":{"rendered":"O meni"},"content":{"rendered":"<div data-elementor-type=\"wp-page\" data-elementor-id=\"28519\" class=\"elementor elementor-28519\" data-elementor-post-type=\"page\">\n\t\t\t\t\t\t\t\t\t<section class=\"elementor-section elementor-top-section elementor-element elementor-element-afee6b7 elementor-section-boxed elementor-section-height-default elementor-section-height-default\" data-id=\"afee6b7\" data-element_type=\"section\" data-settings=\"{&quot;jet_parallax_layout_list&quot;:[]}\">\n\t\t\t\t\t\t\t<div class=\"elementor-background-overlay\"><\/div>\n\t\t\t\t\t\t\t<div class=\"elementor-container elementor-column-gap-default\">\n\t\t\t\t\t<div class=\"elementor-column elementor-col-100 elementor-top-column elementor-element elementor-element-a4bb564\" data-id=\"a4bb564\" data-element_type=\"column\">\n\t\t\t<div class=\"elementor-widget-wrap elementor-element-populated\">\n\t\t\t\t\t\t\t\t<div class=\"elementor-element elementor-element-d67aff5 elementor-widget elementor-widget-heading\" data-id=\"d67aff5\" data-element_type=\"widget\" data-widget_type=\"heading.default\">\n\t\t\t\t<div class=\"elementor-widget-container\">\n\t\t\t<h2 class=\"elementor-heading-title elementor-size-default\">O meni<\/h2>\t\t<\/div>\n\t\t\t\t<\/div>\n\t\t\t\t\t<\/div>\n\t\t<\/div>\n\t\t\t\t\t\t\t<\/div>\n\t\t<\/section>\n\t\t\t\t<section class=\"elementor-section elementor-top-section elementor-element elementor-element-d24ce43 elementor-section-boxed elementor-section-height-default elementor-section-height-default\" data-id=\"d24ce43\" data-element_type=\"section\" data-settings=\"{&quot;jet_parallax_layout_list&quot;:[]}\">\n\t\t\t\t\t\t\t<div class=\"elementor-background-overlay\"><\/div>\n\t\t\t\t\t\t\t<div class=\"elementor-container elementor-column-gap-default\">\n\t\t\t\t\t<div class=\"elementor-column elementor-col-100 elementor-top-column elementor-element elementor-element-81e26d8\" data-id=\"81e26d8\" data-element_type=\"column\">\n\t\t\t<div class=\"elementor-widget-wrap elementor-element-populated\">\n\t\t\t\t\t\t\t\t<section class=\"elementor-section elementor-inner-section elementor-element elementor-element-05b3155 elementor-section-full_width elementor-section-height-default elementor-section-height-default\" data-id=\"05b3155\" data-element_type=\"section\" data-settings=\"{&quot;jet_parallax_layout_list&quot;:[]}\">\n\t\t\t\t\t\t<div class=\"elementor-container elementor-column-gap-default\">\n\t\t\t\t\t<div class=\"elementor-column elementor-col-50 elementor-inner-column elementor-element elementor-element-73aec93\" data-id=\"73aec93\" data-element_type=\"column\">\n\t\t\t<div class=\"elementor-widget-wrap elementor-element-populated\">\n\t\t\t\t\t\t\t\t<div class=\"elementor-element elementor-element-671561f elementor-widget elementor-widget-text-editor\" data-id=\"671561f\" data-element_type=\"widget\" data-widget_type=\"text-editor.default\">\n\t\t\t\t<div class=\"elementor-widget-container\">\n\t\t\t\t\t\t\t<p>\u017de kot otroka me je definiral velik \u010dut za pravi\u010dnost, prevelika ob\u010dutljivost, povezanost z naravo. Narava je \u0161e danes moje pribe\u017eali\u0161\u010de, drevesa, gozdovi ter morje pa kraji, kjer si polnim mojo du\u0161o, se harmoniziram in \u010distim. \u010cutenje rastlin, njihove duhovne vibracije, vpliv na na\u0161a telesa ter raziskovanje, so moja prioriteta vsakdana. Veliko idej dobim v naravi, v ti\u0161ini ter meditaciji.<\/p><p>Delo v zdravstvu in kasneje v Wellnessu je izbrusilo moje \u010dutenje ljudi in prepoznavanje stisk in branja njihovih energij. Veliko znanja ,ki sem ga dobila na moji ve\u010d kot 20 letni duhovni poti sedaj sinergisti\u010dno uporabljam pri svojem delu. Izostrena intuicija, povezava s klientom, kanaliziranje kriti\u010dnih stanj in oseb, ki so povzro\u010dile disharmonijo v telesu so klju\u010dne to\u010dke mojega delovanja. \u010cistost namere in bo\u017eja pomo\u010d sta podlaga za uspe\u0161no opravljeno delo.<\/p><p>Sre\u010danje z Bachovimi kapljicami je za vedno spremenilo mojo pot. U\u010dinkovitost le teh je bila klju\u010dna za mojo ponovno poklicno preusmeritev, prav tako u\u010denje pri Barbari Novak, katera me je izmojstrila v biosinergiji, po metodi Minnie Hein. Natan\u010dna diagnostika, uspe\u0161no preobra\u017eanje negativnih \u010dustvenih stanj, hvale\u017enost mojih klientov, mi daje nov zalet in veliko mo\u010di za naprej.<\/p>\t\t\t\t\t\t<\/div>\n\t\t\t\t<\/div>\n\t\t\t\t\t<\/div>\n\t\t<\/div>\n\t\t\t\t<div class=\"elementor-column elementor-col-50 elementor-inner-column elementor-element elementor-element-05d0e9c\" data-id=\"05d0e9c\" data-element_type=\"column\">\n\t\t\t<div class=\"elementor-widget-wrap elementor-element-populated\">\n\t\t\t\t\t\t\t\t<div class=\"elementor-element elementor-element-788911a elementor-widget elementor-widget-image\" data-id=\"788911a\" data-element_type=\"widget\" data-widget_type=\"image.default\">\n\t\t\t\t<div class=\"elementor-widget-container\">\n\t\t\t\t\t\t\t\t\t\t\t\t\t\t\t<img decoding=\"async\" width=\"1536\" height=\"1022\" src=\"https:\/\/www.lepotilnicazaduso.com\/wp-content\/uploads\/2023\/01\/DR1_6589-Edit-scaled.jpg\" class=\"attachment-1536x1536 size-1536x1536 wp-image-29529\" alt=\"dr1 6589 edit\" \/>\t\t\t\t\t\t\t\t\t\t\t\t\t\t\t<\/div>\n\t\t\t\t<\/div>\n\t\t\t\t\t<\/div>\n\t\t<\/div>\n\t\t\t\t\t\t\t<\/div>\n\t\t<\/section>\n\t\t\t\t\t<\/div>\n\t\t<\/div>\n\t\t\t\t\t\t\t<\/div>\n\t\t<\/section>\n\t\t\t\t<section class=\"elementor-section elementor-top-section elementor-element elementor-element-7ab0791 elementor-section-boxed elementor-section-height-default elementor-section-height-default\" data-id=\"7ab0791\" data-element_type=\"section\" data-settings=\"{&quot;jet_parallax_layout_list&quot;:[]}\">\n\t\t\t\t\t\t\t<div class=\"elementor-background-overlay\"><\/div>\n\t\t\t\t\t\t\t<div class=\"elementor-container elementor-column-gap-default\">\n\t\t\t\t\t<div class=\"elementor-column elementor-col-100 elementor-top-column elementor-element elementor-element-268f6c0\" data-id=\"268f6c0\" data-element_type=\"column\">\n\t\t\t<div class=\"elementor-widget-wrap elementor-element-populated\">\n\t\t\t\t\t\t\t\t<div class=\"elementor-element elementor-element-52313b6 elementor-widget elementor-widget-text-editor\" data-id=\"52313b6\" data-element_type=\"widget\" data-widget_type=\"text-editor.default\">\n\t\t\t\t<div class=\"elementor-widget-container\">\n\t\t\t\t\t\t\t<p><span style=\"font-size: 15px; color: var( --e-global-color-text );\">Uporaba Bachovih cvetov me je pripeljala do raziskovanja dela Dietmarja Kr<\/span>\u00e4<span style=\"color: var( --e-global-color-text ); font-size: 15px;\">merja in njegovih con za aplikacijo le teh, povezavo z meridiani, energetskimi centri ter z ayurvedo. Kot pomo\u010d za odpravljanje negativnih \u010dustev sem se izobrazila pri Zrinki Jezdi\u0107, avtorici Aroma Face terapije, terapije s cvetnimi eteri\u010dnimi olji, katera nas s svojo duhovno kvaliteto preobra\u017eajo. Bradlay Nelson mi je s terapijo Emocionalne kode prav tako doprinesel veliko \u0161irino pri razumevanju in odpravljanju zataknjenih emocij.<\/span><\/p>\n<p>Ayurvedski na\u010din \u017eivljenja vklju\u010dujem v svoj vsakdan, z dnevnimi rituali, negovanjem sebe, prehrano in zeli\u0161\u010dnimi pripravki ter s samim na\u010dinom \u017eivljenja. Tako je del tega tudi joga in meditacija. Duhovni seminarji, obiski svetih mest, hoja po Caminu, so izoblikovali in prevetrili mojo du\u0161o.<\/p>\n<p><\/p>\t\t\t\t\t\t<\/div>\n\t\t\t\t<\/div>\n\t\t\t\t<section class=\"elementor-section elementor-inner-section elementor-element elementor-element-43e5903 elementor-section-full_width elementor-section-height-default elementor-section-height-default\" data-id=\"43e5903\" data-element_type=\"section\" data-settings=\"{&quot;jet_parallax_layout_list&quot;:[]}\">\n\t\t\t\t\t\t<div class=\"elementor-container elementor-column-gap-default\">\n\t\t\t\t\t<div class=\"elementor-column elementor-col-100 elementor-inner-column elementor-element elementor-element-a32e098\" data-id=\"a32e098\" data-element_type=\"column\">\n\t\t\t<div class=\"elementor-widget-wrap elementor-element-populated\">\n\t\t\t\t\t\t\t\t<div class=\"elementor-element elementor-element-f27a240 elementor-widget elementor-widget-text-editor\" data-id=\"f27a240\" data-element_type=\"widget\" data-widget_type=\"text-editor.default\">\n\t\t\t\t<div class=\"elementor-widget-container\">\n\t\t\t\t\t\t\t<p>U\u010denje, raziskovanje, delo na sebi je smisel mojega \u017eivljenja in gonilo vsakdana. Lekcije, ki jih dobivam v \u017eivljenju me brusijo in zato je vsak dan svetlej\u0161i.<\/p><p>Delo, ki ga opravljam me izpoljnjuje, radosti in daje energijo za naprej. Prepu\u0161\u010dam se toku \u017eivljenja, hvale\u017enosti za vse darove, ki jih imam v sebi, ter bo\u017eji volji.<\/p><p>\u00a0<\/p>\t\t\t\t\t\t<\/div>\n\t\t\t\t<\/div>\n\t\t\t\t\t<\/div>\n\t\t<\/div>\n\t\t\t\t\t\t\t<\/div>\n\t\t<\/section>\n\t\t\t\t\t<\/div>\n\t\t<\/div>\n\t\t\t\t\t\t\t<\/div>\n\t\t<\/section>\n\t\t\t\t\t\t\t<\/div>","protected":false},"excerpt":{"rendered":"<p>\u017de kot otroka me je definiral velik \u010dut za pravi\u010dnost, prevelika ob\u010dutljivost, povezanost z naravo. Narava je \u0161e danes moje pribe\u017eali\u0161\u010de, drevesa, gozdovi ter morje pa kraji, kjer si polnim mojo du\u0161o, se harmoniziram in \u010distim. \u010cutenje rastlin, njihove duhovne vibracije, vpliv na na\u0161a telesa ter raziskovanje, so moja prioriteta vsakdana. Veliko idej dobim v [&hellip;]<\/p>","protected":false},"author":1,"featured_media":0,"parent":0,"menu_order":0,"comment_status":"closed","ping_status":"closed","template":"","meta":{"_seopress_robots_primary_cat":"","footnotes":""},"_links":{"self":[{"href":"https:\/\/www.lepotilnicazaduso.com\/en\/wp-json\/wp\/v2\/pages\/28519"}],"collection":[{"href":"https:\/\/www.lepotilnicazaduso.com\/en\/wp-json\/wp\/v2\/pages"}],"about":[{"href":"https:\/\/www.lepotilnicazaduso.com\/en\/wp-json\/wp\/v2\/types\/page"}],"author":[{"embeddable":true,"href":"https:\/\/www.lepotilnicazaduso.com\/en\/wp-json\/wp\/v2\/users\/1"}],"replies":[{"embeddable":true,"href":"https:\/\/www.lepotilnicazaduso.com\/en\/wp-json\/wp\/v2\/comments?post=28519"}],"version-history":[{"count":0,"href":"https:\/\/www.lepotilnicazaduso.com\/en\/wp-json\/wp\/v2\/pages\/28519\/revisions"}],"wp:attachment":[{"href":"https:\/\/www.lepotilnicazaduso.com\/en\/wp-json\/wp\/v2\/media?parent=28519"}],"curies":[{"name":"wp","href":"https:\/\/api.w.org\/{rel}","templated":true}]}}