{"id":29440,"date":"2022-12-28T11:00:07","date_gmt":"2022-12-28T11:00:07","guid":{"rendered":"https:\/\/www.ivh9.si\/Ponudbe\/lepotilnica\/o-meni-copy-copy\/"},"modified":"2023-01-30T11:47:50","modified_gmt":"2023-01-30T11:47:50","slug":"biosinergija","status":"publish","type":"page","link":"https:\/\/www.lepotilnicazaduso.com\/en\/ponudba\/biosinergija\/","title":{"rendered":"BIOSINERGIJA"},"content":{"rendered":"<div data-elementor-type=\"wp-page\" data-elementor-id=\"29440\" class=\"elementor elementor-29440\" data-elementor-post-type=\"page\">\n\t\t\t\t\t\t\t\t\t<section class=\"elementor-section elementor-top-section elementor-element elementor-element-86c4b8a elementor-section-boxed elementor-section-height-default elementor-section-height-default\" data-id=\"86c4b8a\" data-element_type=\"section\" data-settings=\"{&quot;jet_parallax_layout_list&quot;:[]}\">\n\t\t\t\t\t\t\t<div class=\"elementor-background-overlay\"><\/div>\n\t\t\t\t\t\t\t<div class=\"elementor-container elementor-column-gap-default\">\n\t\t\t\t\t<div class=\"elementor-column elementor-col-100 elementor-top-column elementor-element elementor-element-3405404\" data-id=\"3405404\" data-element_type=\"column\">\n\t\t\t<div class=\"elementor-widget-wrap elementor-element-populated\">\n\t\t\t\t\t\t\t\t<div class=\"elementor-element elementor-element-81317c6 elementor-widget elementor-widget-heading\" data-id=\"81317c6\" data-element_type=\"widget\" data-widget_type=\"heading.default\">\n\t\t\t\t<div class=\"elementor-widget-container\">\n\t\t\t<h2 class=\"elementor-heading-title elementor-size-default\">BIOSINERGIJA<\/h2>\t\t<\/div>\n\t\t\t\t<\/div>\n\t\t\t\t\t<\/div>\n\t\t<\/div>\n\t\t\t\t\t\t\t<\/div>\n\t\t<\/section>\n\t\t\t\t<section class=\"elementor-section elementor-top-section elementor-element elementor-element-9a00ba6 elementor-section-boxed elementor-section-height-default elementor-section-height-default\" data-id=\"9a00ba6\" data-element_type=\"section\" data-settings=\"{&quot;jet_parallax_layout_list&quot;:[]}\">\n\t\t\t\t\t\t<div class=\"elementor-container elementor-column-gap-default\">\n\t\t\t\t\t<div class=\"elementor-column elementor-col-100 elementor-top-column elementor-element elementor-element-e966000\" data-id=\"e966000\" data-element_type=\"column\">\n\t\t\t<div class=\"elementor-widget-wrap elementor-element-populated\">\n\t\t\t\t\t\t\t\t<div class=\"elementor-element elementor-element-2a32a47 elementor-widget elementor-widget-spacer\" data-id=\"2a32a47\" data-element_type=\"widget\" data-widget_type=\"spacer.default\">\n\t\t\t\t<div class=\"elementor-widget-container\">\n\t\t\t\t\t<div class=\"elementor-spacer\">\n\t\t\t<div class=\"elementor-spacer-inner\"><\/div>\n\t\t<\/div>\n\t\t\t\t<\/div>\n\t\t\t\t<\/div>\n\t\t\t\t\t<\/div>\n\t\t<\/div>\n\t\t\t\t\t\t\t<\/div>\n\t\t<\/section>\n\t\t\t\t<section class=\"elementor-section elementor-top-section elementor-element elementor-element-d24ce43 elementor-section-boxed elementor-section-height-default elementor-section-height-default\" data-id=\"d24ce43\" data-element_type=\"section\" data-settings=\"{&quot;jet_parallax_layout_list&quot;:[]}\">\n\t\t\t\t\t\t\t<div class=\"elementor-background-overlay\"><\/div>\n\t\t\t\t\t\t\t<div class=\"elementor-container elementor-column-gap-default\">\n\t\t\t\t\t<div class=\"elementor-column elementor-col-100 elementor-top-column elementor-element elementor-element-81e26d8\" data-id=\"81e26d8\" data-element_type=\"column\">\n\t\t\t<div class=\"elementor-widget-wrap elementor-element-populated\">\n\t\t\t\t\t\t\t\t<section class=\"elementor-section elementor-inner-section elementor-element elementor-element-a38c388 elementor-section-boxed elementor-section-height-default elementor-section-height-default\" data-id=\"a38c388\" data-element_type=\"section\" data-settings=\"{&quot;jet_parallax_layout_list&quot;:[]}\">\n\t\t\t\t\t\t<div class=\"elementor-container elementor-column-gap-default\">\n\t\t\t\t\t<div class=\"elementor-column elementor-col-100 elementor-inner-column elementor-element elementor-element-19c9a19\" data-id=\"19c9a19\" data-element_type=\"column\">\n\t\t\t<div class=\"elementor-widget-wrap elementor-element-populated\">\n\t\t\t\t\t\t\t\t<div class=\"elementor-element elementor-element-9969759 elementor-widget elementor-widget-text-editor\" data-id=\"9969759\" data-element_type=\"widget\" data-widget_type=\"text-editor.default\">\n\t\t\t\t<div class=\"elementor-widget-container\">\n\t\t\t\t\t\t\t<p>Biosinergija je holisti\u010den, celosten pristop za vzpostavljanje ravnovesja v vseh strukturah na\u0161ega telesa. Metodo je razvila Minnie Hein, Nemka, ki \u017ee ve\u010d kot 30 let \u017eivi v Peruju. Zdru\u017eila je znanja uporabne psihologije Richarda Utta, uporabo kineziolo\u0161kega testiranja, cranio sakralno terapijo, znanja TKM ter vibracijsko terapijo, predvsem zdravljenje z esencami.<\/p><p>Cilj terapije je odkriti blokade, motnje in vzroke bolezni, razviti svoje potenciale ter za\u017eiveti radostno, harmoni\u010dno in kreativno \u017eivljenje. Posledi\u010dno tako izbolj\u0161amo odnose, pospe\u0161imo na\u0161o duhovno rast, izbolj\u0161amo svojo intuicijo, ob\u010dutimo mir v du\u0161i, odkrijemo, kjer nam odteka energija ter najdemo dejavnosti, s katerimi se lahko izrazimo, zdravimo in energijsko napolnimo. Povzro\u010dimo, da se seme na\u0161ih potencialov za\u010dne razvijat v smeri polne rasti, ozelenimo in o\u017eivimo na\u0161e neiz\u017eivete psihi\u010dne pokrajine.<\/p><p>Kineziolo\u0161ki test je orodje, ki nam pomaga pri takoj\u0161nji detekciji energije testiranca. Mi\u0161ica je lahko mo\u010dna ali \u0161ibka, kar nam ka\u017ee gostoto informacijskega toka. Prevelika gostota se ka\u017ee v okamenelosti mi\u0161ic, na razpolago je preve\u010d informacij, da bi zaznali stanje relaksacije, premalo gostote se izra\u017ea v ohlapnosti in popustitvi.<\/p>\t\t\t\t\t\t<\/div>\n\t\t\t\t<\/div>\n\t\t\t\t\t<\/div>\n\t\t<\/div>\n\t\t\t\t\t\t\t<\/div>\n\t\t<\/section>\n\t\t\t\t<section class=\"elementor-section elementor-inner-section elementor-element elementor-element-8cb0d9c elementor-section-boxed elementor-section-height-default elementor-section-height-default\" data-id=\"8cb0d9c\" data-element_type=\"section\" data-settings=\"{&quot;jet_parallax_layout_list&quot;:[]}\">\n\t\t\t\t\t\t<div class=\"elementor-container elementor-column-gap-default\">\n\t\t\t\t\t<div class=\"elementor-column elementor-col-100 elementor-inner-column elementor-element elementor-element-57c7366\" data-id=\"57c7366\" data-element_type=\"column\">\n\t\t\t<div class=\"elementor-widget-wrap elementor-element-populated\">\n\t\t\t\t\t\t\t\t<div class=\"elementor-element elementor-element-e6ad1cb elementor-widget elementor-widget-text-editor\" data-id=\"e6ad1cb\" data-element_type=\"widget\" data-widget_type=\"text-editor.default\">\n\t\t\t\t<div class=\"elementor-widget-container\">\n\t\t\t\t\t\t\t<p>Diagnoza poteka na na\u010din, da testiranec in terapevt vzpostavita skupno polje, na katerem poteka izmenjava informacij. Kanaliziranje ter interpretacija informacij, katere so potrebne za uvid v trenutno disharmonijo, poteka spontano, eti\u010dno ter varno. Informacije so \u010dasovno in situacijsko natan\u010dne. Potrebne so za klju\u010dne razre\u0161itve, odtajanju \u010dustev, pretresanju ter transformaciji napa\u010dnih vzorcev na\u0161ega delovanja in mi\u0161ljenja v danih okoli\u0161\u010dinah.<\/p><p>Energijska odstopanja tako ugotavljam s kineziolo\u0161kimi testi, kanaliziranjem, trenutnimi uvidi, s sporo\u010dili preko slik, ki jih dobivam ter jasno vodenimi sporo\u010dili. Vse to je podlaga za postavitev natan\u010dne diagnoze ter dolo\u010ditev terapije.<\/p><p>V na\u0161ih mi\u0161icah je shranjena vsa emocionalna, fizi\u010dna, duhovna in du\u0161evna zgodovina, informacije, ki jih potrebujemo lahko prikli\u010demo brez zavestnega vpliva na dobljeno. Na\u0161a du\u0161na naloga je povezana z dolo\u010deno vrlino, katero moramo zbalansirat oz.izbrusit. Izstopajo\u010da vrlina je tako hkrati na\u0161a \u0161ibkost in na\u0161 najve\u010dji morebitni sijaj. Lekcije, dogodki ter osebe so nam poslane za u\u010denje, le tako tudi la\u017eje spoznamo namen na\u0161e du\u0161e. S pomo\u010djo poznavanja meridianov in alarmnih to\u010dk le te ,,nagovorimo\u02dd ter ugotovimo odstopanja.<\/p>\t\t\t\t\t\t<\/div>\n\t\t\t\t<\/div>\n\t\t\t\t\t<\/div>\n\t\t<\/div>\n\t\t\t\t\t\t\t<\/div>\n\t\t<\/section>\n\t\t\t\t\t<\/div>\n\t\t<\/div>\n\t\t\t\t\t\t\t<\/div>\n\t\t<\/section>\n\t\t\t\t<section class=\"elementor-section elementor-top-section elementor-element elementor-element-1223ad4 elementor-section-boxed elementor-section-height-default elementor-section-height-default\" data-id=\"1223ad4\" data-element_type=\"section\" data-settings=\"{&quot;jet_parallax_layout_list&quot;:[]}\">\n\t\t\t\t\t\t<div class=\"elementor-container elementor-column-gap-default\">\n\t\t\t\t\t<div class=\"elementor-column elementor-col-100 elementor-top-column elementor-element elementor-element-daf2be3\" data-id=\"daf2be3\" data-element_type=\"column\">\n\t\t\t<div class=\"elementor-widget-wrap elementor-element-populated\">\n\t\t\t\t\t\t\t\t<section class=\"elementor-section elementor-inner-section elementor-element elementor-element-9d4742e elementor-section-boxed elementor-section-height-default elementor-section-height-default\" data-id=\"9d4742e\" data-element_type=\"section\" data-settings=\"{&quot;jet_parallax_layout_list&quot;:[]}\">\n\t\t\t\t\t\t<div class=\"elementor-container elementor-column-gap-default\">\n\t\t\t\t\t<div class=\"elementor-column elementor-col-50 elementor-inner-column elementor-element elementor-element-b4a3954\" data-id=\"b4a3954\" data-element_type=\"column\">\n\t\t\t<div class=\"elementor-widget-wrap elementor-element-populated\">\n\t\t\t\t\t\t\t\t<div class=\"elementor-element elementor-element-55cd83e elementor-widget elementor-widget-heading\" data-id=\"55cd83e\" data-element_type=\"widget\" data-widget_type=\"heading.default\">\n\t\t\t\t<div class=\"elementor-widget-container\">\n\t\t\t<h2 class=\"elementor-heading-title elementor-size-default\">Povezave vrlin z meridiani so:<\/h2>\t\t<\/div>\n\t\t\t\t<\/div>\n\t\t\t\t<div class=\"elementor-element elementor-element-efb52d8 elementor-widget elementor-widget-text-editor\" data-id=\"efb52d8\" data-element_type=\"widget\" data-widget_type=\"text-editor.default\">\n\t\t\t\t<div class=\"elementor-widget-container\">\n\t\t\t\t\t\t\t<ul><li>Centralni meridian: morala (etika)<\/li><li>Vodilni meridian: resnica (notranji ob\u010dutek za resnico)<\/li><li>\u017delodec: zadovoljstvo (senzibilnost, \u010dutnost)<\/li><li>Vranica, trebu\u0161na slinavka: vera (pobuda, iniciativnost)<\/li><li>Srce: so\u010dutje (duhovnost, spiritualnost)<\/li><li>Tanko \u010drevo: radost, veselje (ob\u010dutenje)<\/li><li>Mehur: mir (samota)<\/li><li>Ledvica: pogum (svoboda)<\/li><li>Krvni obtok in spolni organi: prisotnost (navzo\u010dnost, seksualnost )<\/li><li>Trojni grelec\u00ad \u0161\u010ditnica in nadledvi\u010dne \u017eleze: lahkost (prisotnost v sedanjosti, navzo\u010dnost)<\/li><li>\u017dol\u010dnik: dobrota (dolo\u010denost)<\/li><li>Jetra: sre\u010da (kreativnost)<\/li><li>Plju\u010da: poni\u017enost\u00a0 (u\u010dinkovitost, efektivnost)<\/li><li>Debelo \u010drevo: \u010distost ( postavljanje mej)<\/li><\/ul>\t\t\t\t\t\t<\/div>\n\t\t\t\t<\/div>\n\t\t\t\t\t<\/div>\n\t\t<\/div>\n\t\t\t\t<div class=\"elementor-column elementor-col-50 elementor-inner-column elementor-element elementor-element-f92b787\" data-id=\"f92b787\" data-element_type=\"column\">\n\t\t\t<div class=\"elementor-widget-wrap elementor-element-populated\">\n\t\t\t\t\t\t\t\t<div class=\"elementor-element elementor-element-32a4bef elementor-widget elementor-widget-image\" data-id=\"32a4bef\" data-element_type=\"widget\" data-widget_type=\"image.default\">\n\t\t\t\t<div class=\"elementor-widget-container\">\n\t\t\t\t\t\t\t\t\t\t\t\t\t\t\t<img decoding=\"async\" width=\"768\" height=\"511\" src=\"https:\/\/www.lepotilnicazaduso.com\/wp-content\/uploads\/2022\/12\/DR1_7556-scaled.jpg\" class=\"attachment-medium_large size-medium_large wp-image-29388\" alt=\"dr1 7556\" \/>\t\t\t\t\t\t\t\t\t\t\t\t\t\t\t<\/div>\n\t\t\t\t<\/div>\n\t\t\t\t\t<\/div>\n\t\t<\/div>\n\t\t\t\t\t\t\t<\/div>\n\t\t<\/section>\n\t\t\t\t\t<\/div>\n\t\t<\/div>\n\t\t\t\t\t\t\t<\/div>\n\t\t<\/section>\n\t\t\t\t<section class=\"elementor-section elementor-top-section elementor-element elementor-element-00b87c2 elementor-section-boxed elementor-section-height-default elementor-section-height-default\" data-id=\"00b87c2\" data-element_type=\"section\" data-settings=\"{&quot;jet_parallax_layout_list&quot;:[]}\">\n\t\t\t\t\t\t\t<div class=\"elementor-background-overlay\"><\/div>\n\t\t\t\t\t\t\t<div class=\"elementor-container elementor-column-gap-default\">\n\t\t\t\t\t<div class=\"elementor-column elementor-col-100 elementor-top-column elementor-element elementor-element-eacd11b\" data-id=\"eacd11b\" data-element_type=\"column\">\n\t\t\t<div class=\"elementor-widget-wrap elementor-element-populated\">\n\t\t\t\t\t\t\t\t<section class=\"elementor-section elementor-inner-section elementor-element elementor-element-eef08c5 elementor-section-boxed elementor-section-height-default elementor-section-height-default\" data-id=\"eef08c5\" data-element_type=\"section\" data-settings=\"{&quot;jet_parallax_layout_list&quot;:[]}\">\n\t\t\t\t\t\t<div class=\"elementor-container elementor-column-gap-default\">\n\t\t\t\t\t<div class=\"elementor-column elementor-col-100 elementor-inner-column elementor-element elementor-element-a2e4372\" data-id=\"a2e4372\" data-element_type=\"column\">\n\t\t\t<div class=\"elementor-widget-wrap elementor-element-populated\">\n\t\t\t\t\t\t\t\t<div class=\"elementor-element elementor-element-4bcbb80 elementor-widget elementor-widget-text-editor\" data-id=\"4bcbb80\" data-element_type=\"widget\" data-widget_type=\"text-editor.default\">\n\t\t\t\t<div class=\"elementor-widget-container\">\n\t\t\t\t\t\t\t<p>Z vsemi metodami pogovora s telesom najdem naravo motnje. Ta je lahko strukturna, kar se izra\u017ea na fizi\u010dnem nivoju, kot obolenje ali bole\u010dina, kemi\u010dna, to je vse kar vna\u0161amo v telo, vsi kemi\u010dni procesi v telesu, hormonske spremembe. \u010custvena narava motnje velikokrat poka\u017ee izvor na\u0161ih te\u017eav. Na na\u0161o osebnost imajo velik vpliv osebe do na\u0161ega 7. leta starosti, \u010dustveno stanje na\u0161e matere v \u010dasu nose\u010dnosti, dru\u017einski odnosi, posamezni dogodki, katerih se na zavestni ravni ne spominjamo, povzro\u010dili pa so v nas zataknjena \u010dustva, ki nas ovirajo pri \u010dustvovanju. Dolo\u010denost osebe, dogodka in povezava z na\u0161im odstopanjem od smeri razvoja na\u0161e du\u0161e in disharmonije, je klju\u010dni pokazatelj za\u010detka te\u017eav.<\/p><p>Izvor te\u017eav je lahko tudi elektromagnetno polje, polje neke osebe, \u017eive ali mrtve, zemeljska sevanja in vodni tokovi. Lahko je moten na\u0161 ritem, ritem organa, spanja, celega bitja, na\u0161 \u017eivljenjski ritem. Ve\u010dkrat imamo nezavedne pogodbe do sebe, npr. pogodba o mol\u010de\u010dnosti, vzdr\u017enosti, zvestobi, trpljenju, poni\u017enosti. Samoorganiziran sistem je zamrznjena energija iz preteklosti, ki ga mora oseba prese\u010dt, energijo in vzorec obna\u0161anja pa preoblikovat. Lahko je kolektivni vpliv zavesti, karmi\u010dni vpliv, te\u017eava v komunikaciji, v samem do\u017eivljanju ali sama percepcija \u017eivljenja, ki je zakoreninjena v dru\u017eini.<\/p><p>Preko alarmnih to\u010dk dolo\u010dim objektni in referen\u010dni meridian, katera izra\u017eata razgla\u0161enost sistema, kar je sinonim za odklon od optimalne smeri. Objektno stanje vsebuje zunanje vplive preteklosti ter notranje volje, ambicij, stremljenja po mo\u010di in ostalih pre\u017eivetvenih strategij, ki temeljijo na pretiranem ali pre\u0161ibkem poudarjanju ega. Referen\u010dno stanje je na\u0161a optimalna pozicija brez razglasitvenih vplivov objektnega stanja. Uporabim esence za kriti\u010dni meridianski par, dolo\u010dim obliko in koli\u010dino uporabe, pogostost jemanja ter morebitne nadaljne terapije. Tukaj se ne uporabi simptomatski na\u010din uporabe esenc temve\u010d sistemski. S pomo\u010djo uporabne psihologije, ki jo je razvil Richard Utt ter najdenega meridianskega para, opi\u0161em \u010dustva in misli testiranca ter napa\u010dne vzorce delovanja, ki jih je potrebno transformirat, preoblikovat ali razre\u0161it.<\/p><p>Za vzpostavitev se uporablja tudi delna cranio sakralna terapija po dr. Johnu Upledgerju, uporaba kristalov, eteri\u010dnih olj, nasveti za dnevno rutino, negovanje du\u0161e, duhovna praksa, vzpostavitev ritma dela in po\u010ditka, dejavnosti za radost in pove\u010danje kreativnosti.<\/p>\t\t\t\t\t\t<\/div>\n\t\t\t\t<\/div>\n\t\t\t\t<div class=\"elementor-element elementor-element-d9e4fdb elementor-widget elementor-widget-text-editor\" data-id=\"d9e4fdb\" data-element_type=\"widget\" data-widget_type=\"text-editor.default\">\n\t\t\t\t<div class=\"elementor-widget-container\">\n\t\t\t\t\t\t\t<p>Tretma traja dve uri, cena skupaj s pripadajo\u010dimi esencami je 88 \u20ac.<\/p>\t\t\t\t\t\t<\/div>\n\t\t\t\t<\/div>\n\t\t\t\t\t<\/div>\n\t\t<\/div>\n\t\t\t\t\t\t\t<\/div>\n\t\t<\/section>\n\t\t\t\t\t<\/div>\n\t\t<\/div>\n\t\t\t\t\t\t\t<\/div>\n\t\t<\/section>\n\t\t\t\t\t\t\t<\/div>","protected":false},"excerpt":{"rendered":"<p>Biosinergija je holisti\u010den, celosten pristop za vzpostavljanje ravnovesja v vseh strukturah na\u0161ega telesa. Metodo je razvila Minnie Hein, Nemka, ki \u017ee ve\u010d kot 30 let \u017eivi v Peruju. Zdru\u017eila je znanja uporabne psihologije Richarda Utta, uporabo kineziolo\u0161kega testiranja, cranio sakralno terapijo, znanja TKM ter vibracijsko terapijo, predvsem zdravljenje z esencami. Cilj terapije je odkriti blokade, [&hellip;]<\/p>","protected":false},"author":1,"featured_media":0,"parent":29385,"menu_order":0,"comment_status":"closed","ping_status":"closed","template":"","meta":{"_seopress_robots_primary_cat":"","footnotes":""},"_links":{"self":[{"href":"https:\/\/www.lepotilnicazaduso.com\/en\/wp-json\/wp\/v2\/pages\/29440"}],"collection":[{"href":"https:\/\/www.lepotilnicazaduso.com\/en\/wp-json\/wp\/v2\/pages"}],"about":[{"href":"https:\/\/www.lepotilnicazaduso.com\/en\/wp-json\/wp\/v2\/types\/page"}],"author":[{"embeddable":true,"href":"https:\/\/www.lepotilnicazaduso.com\/en\/wp-json\/wp\/v2\/users\/1"}],"replies":[{"embeddable":true,"href":"https:\/\/www.lepotilnicazaduso.com\/en\/wp-json\/wp\/v2\/comments?post=29440"}],"version-history":[{"count":0,"href":"https:\/\/www.lepotilnicazaduso.com\/en\/wp-json\/wp\/v2\/pages\/29440\/revisions"}],"up":[{"embeddable":true,"href":"https:\/\/www.lepotilnicazaduso.com\/en\/wp-json\/wp\/v2\/pages\/29385"}],"wp:attachment":[{"href":"https:\/\/www.lepotilnicazaduso.com\/en\/wp-json\/wp\/v2\/media?parent=29440"}],"curies":[{"name":"wp","href":"https:\/\/api.w.org\/{rel}","templated":true}]}}