{"id":29469,"date":"2022-12-28T11:05:55","date_gmt":"2022-12-28T11:05:55","guid":{"rendered":"https:\/\/www.ivh9.si\/Ponudbe\/lepotilnica\/biosinergija-copy\/"},"modified":"2023-01-30T11:48:09","modified_gmt":"2023-01-30T11:48:09","slug":"bachovo-cvetno-svetovanje","status":"publish","type":"page","link":"https:\/\/www.lepotilnicazaduso.com\/en\/ponudba\/bachovo-cvetno-svetovanje\/","title":{"rendered":"BACHOVO CVETNO SVETOVANJE"},"content":{"rendered":"<div data-elementor-type=\"wp-page\" data-elementor-id=\"29469\" class=\"elementor elementor-29469\" data-elementor-post-type=\"page\">\n\t\t\t\t\t\t\t\t\t<section class=\"elementor-section elementor-top-section elementor-element elementor-element-afee6b7 elementor-section-boxed elementor-section-height-default elementor-section-height-default\" data-id=\"afee6b7\" data-element_type=\"section\" data-settings=\"{&quot;jet_parallax_layout_list&quot;:[]}\">\n\t\t\t\t\t\t\t<div class=\"elementor-background-overlay\"><\/div>\n\t\t\t\t\t\t\t<div class=\"elementor-container elementor-column-gap-default\">\n\t\t\t\t\t<div class=\"elementor-column elementor-col-100 elementor-top-column elementor-element elementor-element-a4bb564\" data-id=\"a4bb564\" data-element_type=\"column\">\n\t\t\t<div class=\"elementor-widget-wrap elementor-element-populated\">\n\t\t\t\t\t\t\t\t<div class=\"elementor-element elementor-element-d67aff5 elementor-widget elementor-widget-heading\" data-id=\"d67aff5\" data-element_type=\"widget\" data-widget_type=\"heading.default\">\n\t\t\t\t<div class=\"elementor-widget-container\">\n\t\t\t<h2 class=\"elementor-heading-title elementor-size-default\">BACHOVO CVETNO SVETOVANJE<\/h2>\t\t<\/div>\n\t\t\t\t<\/div>\n\t\t\t\t\t<\/div>\n\t\t<\/div>\n\t\t\t\t\t\t\t<\/div>\n\t\t<\/section>\n\t\t\t\t<section class=\"elementor-section elementor-top-section elementor-element elementor-element-9a00ba6 elementor-section-boxed elementor-section-height-default elementor-section-height-default\" data-id=\"9a00ba6\" data-element_type=\"section\" data-settings=\"{&quot;jet_parallax_layout_list&quot;:[]}\">\n\t\t\t\t\t\t<div class=\"elementor-container elementor-column-gap-default\">\n\t\t\t\t\t<div class=\"elementor-column elementor-col-100 elementor-top-column elementor-element elementor-element-e966000\" data-id=\"e966000\" data-element_type=\"column\">\n\t\t\t<div class=\"elementor-widget-wrap elementor-element-populated\">\n\t\t\t\t\t\t\t\t<div class=\"elementor-element elementor-element-2a32a47 elementor-widget elementor-widget-spacer\" data-id=\"2a32a47\" data-element_type=\"widget\" data-widget_type=\"spacer.default\">\n\t\t\t\t<div class=\"elementor-widget-container\">\n\t\t\t\t\t<div class=\"elementor-spacer\">\n\t\t\t<div class=\"elementor-spacer-inner\"><\/div>\n\t\t<\/div>\n\t\t\t\t<\/div>\n\t\t\t\t<\/div>\n\t\t\t\t\t<\/div>\n\t\t<\/div>\n\t\t\t\t\t\t\t<\/div>\n\t\t<\/section>\n\t\t\t\t<section class=\"elementor-section elementor-top-section elementor-element elementor-element-d24ce43 elementor-section-boxed elementor-section-height-default elementor-section-height-default\" data-id=\"d24ce43\" data-element_type=\"section\" data-settings=\"{&quot;jet_parallax_layout_list&quot;:[]}\">\n\t\t\t\t\t\t\t<div class=\"elementor-background-overlay\"><\/div>\n\t\t\t\t\t\t\t<div class=\"elementor-container elementor-column-gap-default\">\n\t\t\t\t\t<div class=\"elementor-column elementor-col-100 elementor-top-column elementor-element elementor-element-81e26d8\" data-id=\"81e26d8\" data-element_type=\"column\">\n\t\t\t<div class=\"elementor-widget-wrap elementor-element-populated\">\n\t\t\t\t\t\t\t\t<section class=\"elementor-section elementor-inner-section elementor-element elementor-element-a38c388 elementor-section-boxed elementor-section-height-default elementor-section-height-default\" data-id=\"a38c388\" data-element_type=\"section\" data-settings=\"{&quot;jet_parallax_layout_list&quot;:[]}\">\n\t\t\t\t\t\t<div class=\"elementor-container elementor-column-gap-default\">\n\t\t\t\t\t<div class=\"elementor-column elementor-col-100 elementor-inner-column elementor-element elementor-element-19c9a19\" data-id=\"19c9a19\" data-element_type=\"column\">\n\t\t\t<div class=\"elementor-widget-wrap elementor-element-populated\">\n\t\t\t\t\t\t\t\t<div class=\"elementor-element elementor-element-9969759 elementor-widget elementor-widget-text-editor\" data-id=\"9969759\" data-element_type=\"widget\" data-widget_type=\"text-editor.default\">\n\t\t\t\t<div class=\"elementor-widget-container\">\n\t\t\t\t\t\t\t<p>Angle\u0161ki zdravnik dr. Edward Bach (1886-1936) je v tridesetih letih 20. stoletja razvil cvetno terapijo, metodo zdravljenja, ki je po subtilnosti u\u010dinkovanja sorodna klasi\u010dni homeopatiji. Esence vsebujejo vibracijo rastline. Dr. Bach je prave vzroke bolezni videl v negativnih \u010dustvih, ki trajajo dalj \u010dasa, kot npr. strah, sovra\u0161tvo, jeza, obup, malodu\u0161je. Bolezen je bila zanj korektiv, rezultat konflikta med du\u0161o in telesom.<\/p><p>Intuitivno je na\u0161el rastline, ki ta negativna stanja pomagajo odpraviti oziroma preobraziti v \u017eelena, v ljubezen, samozaupanje, so\u010dutje in mir.<\/p><p>Esence Bachovih cvetov so kot balzam za na\u0161o du\u0161o, delujejo na energijski ravni, na ne\u017een in varen na\u010din odpravljajo blokade in ponovno vzpostavijo du\u0161evno ravnovesje. Cvetne esence nas pove\u017eejo z lastnimi du\u0161evnimi in telesnimi samozdravilnimi mo\u010dmi.<\/p><p>Bachovih cvetnih esenc je 38, od tega je 37 izvle\u010dkov rastlin, zadnja je \u010dista studen\u010dnica. Tako Bachovi cvetovi predstavljajo 38 arhetipskih du\u0161evnih stanj, na\u010din do\u017eivljanja bolezni pa nam tudi lahko ka\u017ee pot do ozdravitve (obup, jeza, malodu\u0161je). Seveda pa ima vsako negativno stanje cvetne esence tudi potencial v transformiranem stanju.<\/p><p>Bachov pripravek \u0161t. 39 je re\u0161ilno zdravilo, kombinacija petih esenc in se uporablja za vse vrste \u0161okov, pri globoki \u017ealosti, napetosti, hudem strahu, napadih panike \u2026<\/p>\t\t\t\t\t\t<\/div>\n\t\t\t\t<\/div>\n\t\t\t\t\t<\/div>\n\t\t<\/div>\n\t\t\t\t\t\t\t<\/div>\n\t\t<\/section>\n\t\t\t\t\t<\/div>\n\t\t<\/div>\n\t\t\t\t\t\t\t<\/div>\n\t\t<\/section>\n\t\t\t\t<section class=\"elementor-section elementor-top-section elementor-element elementor-element-1223ad4 elementor-section-boxed elementor-section-height-default elementor-section-height-default\" data-id=\"1223ad4\" data-element_type=\"section\" data-settings=\"{&quot;jet_parallax_layout_list&quot;:[]}\">\n\t\t\t\t\t\t<div class=\"elementor-container elementor-column-gap-default\">\n\t\t\t\t\t<div class=\"elementor-column elementor-col-100 elementor-top-column elementor-element elementor-element-daf2be3\" data-id=\"daf2be3\" data-element_type=\"column\">\n\t\t\t<div class=\"elementor-widget-wrap elementor-element-populated\">\n\t\t\t\t\t\t\t\t<section class=\"elementor-section elementor-inner-section elementor-element elementor-element-9d4742e elementor-section-boxed elementor-section-height-default elementor-section-height-default\" data-id=\"9d4742e\" data-element_type=\"section\" data-settings=\"{&quot;jet_parallax_layout_list&quot;:[]}\">\n\t\t\t\t\t\t<div class=\"elementor-container elementor-column-gap-default\">\n\t\t\t\t\t<div class=\"elementor-column elementor-col-50 elementor-inner-column elementor-element elementor-element-b4a3954\" data-id=\"b4a3954\" data-element_type=\"column\">\n\t\t\t<div class=\"elementor-widget-wrap elementor-element-populated\">\n\t\t\t\t\t\t\t\t<div class=\"elementor-element elementor-element-55cd83e elementor-widget elementor-widget-heading\" data-id=\"55cd83e\" data-element_type=\"widget\" data-widget_type=\"heading.default\">\n\t\t\t\t<div class=\"elementor-widget-container\">\n\t\t\t<h2 class=\"elementor-heading-title elementor-size-default\">Bachove esence razdelimo v sedem skupin, za stanja:<\/h2>\t\t<\/div>\n\t\t\t\t<\/div>\n\t\t\t\t<div class=\"elementor-element elementor-element-efb52d8 elementor-widget elementor-widget-text-editor\" data-id=\"efb52d8\" data-element_type=\"widget\" data-widget_type=\"text-editor.default\">\n\t\t\t\t<div class=\"elementor-widget-container\">\n\t\t\t\t\t\t\t<ul><li>strahu,<\/li><li>negotovosti,<\/li><li>otopelosti in nezanimanja za sedanjost,<\/li><li>osamljenosti,<\/li><li>preob\u010dutljivosti in podrejenosti tujemu vplivu,<\/li><li>obupu in vdanosti v usodo in<\/li><li>pretirani skrbi za druge.<\/li><\/ul>\t\t\t\t\t\t<\/div>\n\t\t\t\t<\/div>\n\t\t\t\t\t<\/div>\n\t\t<\/div>\n\t\t\t\t<div class=\"elementor-column elementor-col-50 elementor-inner-column elementor-element elementor-element-f92b787\" data-id=\"f92b787\" data-element_type=\"column\">\n\t\t\t<div class=\"elementor-widget-wrap elementor-element-populated\">\n\t\t\t\t\t\t\t\t<div class=\"elementor-element elementor-element-32a4bef elementor-widget elementor-widget-image\" data-id=\"32a4bef\" data-element_type=\"widget\" data-widget_type=\"image.default\">\n\t\t\t\t<div class=\"elementor-widget-container\">\n\t\t\t\t\t\t\t\t\t\t\t\t\t\t\t<img decoding=\"async\" width=\"768\" height=\"511\" src=\"https:\/\/www.lepotilnicazaduso.com\/wp-content\/uploads\/2022\/12\/DR1_7556-scaled.jpg\" class=\"attachment-medium_large size-medium_large wp-image-29388\" alt=\"dr1 7556\" \/>\t\t\t\t\t\t\t\t\t\t\t\t\t\t\t<\/div>\n\t\t\t\t<\/div>\n\t\t\t\t\t<\/div>\n\t\t<\/div>\n\t\t\t\t\t\t\t<\/div>\n\t\t<\/section>\n\t\t\t\t\t<\/div>\n\t\t<\/div>\n\t\t\t\t\t\t\t<\/div>\n\t\t<\/section>\n\t\t\t\t<section class=\"elementor-section elementor-top-section elementor-element elementor-element-00b87c2 elementor-section-boxed elementor-section-height-default elementor-section-height-default\" data-id=\"00b87c2\" data-element_type=\"section\" data-settings=\"{&quot;jet_parallax_layout_list&quot;:[]}\">\n\t\t\t\t\t\t\t<div class=\"elementor-background-overlay\"><\/div>\n\t\t\t\t\t\t\t<div class=\"elementor-container elementor-column-gap-default\">\n\t\t\t\t\t<div class=\"elementor-column elementor-col-100 elementor-top-column elementor-element elementor-element-eacd11b\" data-id=\"eacd11b\" data-element_type=\"column\">\n\t\t\t<div class=\"elementor-widget-wrap elementor-element-populated\">\n\t\t\t\t\t\t\t\t<section class=\"elementor-section elementor-inner-section elementor-element elementor-element-eef08c5 elementor-section-boxed elementor-section-height-default elementor-section-height-default\" data-id=\"eef08c5\" data-element_type=\"section\" data-settings=\"{&quot;jet_parallax_layout_list&quot;:[]}\">\n\t\t\t\t\t\t<div class=\"elementor-container elementor-column-gap-default\">\n\t\t\t\t\t<div class=\"elementor-column elementor-col-100 elementor-inner-column elementor-element elementor-element-a2e4372\" data-id=\"a2e4372\" data-element_type=\"column\">\n\t\t\t<div class=\"elementor-widget-wrap elementor-element-populated\">\n\t\t\t\t\t\t\t\t<div class=\"elementor-element elementor-element-4bcbb80 elementor-widget elementor-widget-text-editor\" data-id=\"4bcbb80\" data-element_type=\"widget\" data-widget_type=\"text-editor.default\">\n\t\t\t\t<div class=\"elementor-widget-container\">\n\t\t\t\t\t\t\t<p>Bachove kapljice so mo\u010dna opora v \u010dasu stresnih sprememb kot je lo\u010ditev, smrt, osamljenost, menopavza, puberteta, javni nastopi, izpiti, menjava zaposlitve, vstop v vrtec, \u0161olo, pomo\u010d pri u\u010denju za ve\u010djo koncentracijo ter pove\u010danju samozavesti.<\/p>\n<p>Lahko jih u\u017eivajo vse starostne skupine, tudi nose\u010dnice, ne delujejo alergeno in jih lahko kombiniramo z drugimi oblikami zdravljenja.<\/p>\n<p><b>Na\u010din uporabe<\/b><\/p>\n<p>Bachove cvetne esence jemljemo oralno in sicer pripravljeno razred\u010dino doziramo po navodilih pod jezik. Pri tem moramo biti pazljivi, da se s kapalko ne dotikamo ust. Kapljice jemljemo vsaj 15 min pred ali po jedi.<\/p>\n<p>Uporabljamo jih lahko tudi lokalno kot obkladke, v kremah ali losionih ali v kopelih.<\/p>\n<p>Metodo z obkladki je razvijal Dietmar Kr\u00e4<span style=\"font-size: 15px; color: var( --e-global-color-text );\">mer, Nemec, ki je povezal Bachove esence s kitajsko tradicionalno medicino. Na podlagi raziskovanja, intuicije, slikanja avre je odkril atlas telesnih con v povezavi z Bachovimi esencami. Diagnostika s pomo\u010djo topografije je enostavna, prav tako je hitrej\u0161a vzpostavitev ravnovesja in odprava simptomov.<\/span><\/p>\n<p>Reakcije v \u010dasu jemanja se pojavijo najve\u010dkrat v obliki intenzivnih sanj, saj na tak na\u010din na ne\u017enej\u0161i na\u010din razre\u0161ujemo negativna du\u0161evna stanja. Zaradi \u010di\u0161\u010denja psihi\u010dnih toksinov se lahko v za\u010detku pojavi psihi\u010dno nelagodje, ki pa kmalu preide. Prav tako je pove\u010dana potreba po fizi\u010dnem po\u010ditku, predvsem kadar smo bili psihi\u010dno in fizi\u010dno skrajno iz\u010drpani. Otroci, \u017eivali in rastline se na kapljice odzovejo hitreje kot odrasli. Odzivnost je odvisna predvsem od \u010dasa trajanja te\u017eav. Spremembe, ki ponavadi nastopijo zelo hitro, so izrazito bolj\u0161e po\u010dutje, ve\u010dja mirnost, motivacija, ve\u010dja osredinjenost, ve\u010dje zavedanje in dotok svetlobe v na\u0161o du\u0161o.&nbsp;<\/p>\n<p>Stekleni\u010dke je potrebno oddaljit od kakr\u0161negakoli sevanja (telefon, radijsko vodena ura, wi-fi) ter jih ni potrebno shranjevati v hladilniku.<\/p>\t\t\t\t\t\t<\/div>\n\t\t\t\t<\/div>\n\t\t\t\t\t<\/div>\n\t\t<\/div>\n\t\t\t\t\t\t\t<\/div>\n\t\t<\/section>\n\t\t\t\t\t<\/div>\n\t\t<\/div>\n\t\t\t\t\t\t\t<\/div>\n\t\t<\/section>\n\t\t\t\t\t\t\t<\/div>","protected":false},"excerpt":{"rendered":"<p>Angle\u0161ki zdravnik dr. Edward Bach (1886-1936) je v tridesetih letih 20. stoletja razvil cvetno terapijo, metodo zdravljenja, ki je po subtilnosti u\u010dinkovanja sorodna klasi\u010dni homeopatiji. Esence vsebujejo vibracijo rastline. Dr. Bach je prave vzroke bolezni videl v negativnih \u010dustvih, ki trajajo dalj \u010dasa, kot npr. strah, sovra\u0161tvo, jeza, obup, malodu\u0161je. Bolezen je bila zanj korektiv, [&hellip;]<\/p>","protected":false},"author":1,"featured_media":0,"parent":29385,"menu_order":0,"comment_status":"closed","ping_status":"closed","template":"","meta":{"_seopress_robots_primary_cat":"","footnotes":""},"_links":{"self":[{"href":"https:\/\/www.lepotilnicazaduso.com\/en\/wp-json\/wp\/v2\/pages\/29469"}],"collection":[{"href":"https:\/\/www.lepotilnicazaduso.com\/en\/wp-json\/wp\/v2\/pages"}],"about":[{"href":"https:\/\/www.lepotilnicazaduso.com\/en\/wp-json\/wp\/v2\/types\/page"}],"author":[{"embeddable":true,"href":"https:\/\/www.lepotilnicazaduso.com\/en\/wp-json\/wp\/v2\/users\/1"}],"replies":[{"embeddable":true,"href":"https:\/\/www.lepotilnicazaduso.com\/en\/wp-json\/wp\/v2\/comments?post=29469"}],"version-history":[{"count":0,"href":"https:\/\/www.lepotilnicazaduso.com\/en\/wp-json\/wp\/v2\/pages\/29469\/revisions"}],"up":[{"embeddable":true,"href":"https:\/\/www.lepotilnicazaduso.com\/en\/wp-json\/wp\/v2\/pages\/29385"}],"wp:attachment":[{"href":"https:\/\/www.lepotilnicazaduso.com\/en\/wp-json\/wp\/v2\/media?parent=29469"}],"curies":[{"name":"wp","href":"https:\/\/api.w.org\/{rel}","templated":true}]}}