{"id":29474,"date":"2022-12-28T11:07:30","date_gmt":"2022-12-28T11:07:30","guid":{"rendered":"https:\/\/www.ivh9.si\/Ponudbe\/lepotilnica\/bachovo-cvetno-svetovanje-copy\/"},"modified":"2023-01-30T11:48:17","modified_gmt":"2023-01-30T11:48:17","slug":"holisticna-nega-obraza-z-lifting-masazo","status":"publish","type":"page","link":"https:\/\/www.lepotilnicazaduso.com\/en\/ponudba\/holisticna-nega-obraza-z-lifting-masazo\/","title":{"rendered":"HOLISTI\u010cNA NEGA OBRAZA z  lifting masa\u017eo"},"content":{"rendered":"<div data-elementor-type=\"wp-page\" data-elementor-id=\"29474\" class=\"elementor elementor-29474\" data-elementor-post-type=\"page\">\n\t\t\t\t\t\t\t\t\t<section class=\"elementor-section elementor-top-section elementor-element elementor-element-afee6b7 elementor-section-boxed elementor-section-height-default elementor-section-height-default\" data-id=\"afee6b7\" data-element_type=\"section\" data-settings=\"{&quot;jet_parallax_layout_list&quot;:[]}\">\n\t\t\t\t\t\t\t<div class=\"elementor-background-overlay\"><\/div>\n\t\t\t\t\t\t\t<div class=\"elementor-container elementor-column-gap-default\">\n\t\t\t\t\t<div class=\"elementor-column elementor-col-100 elementor-top-column elementor-element elementor-element-a4bb564\" data-id=\"a4bb564\" data-element_type=\"column\">\n\t\t\t<div class=\"elementor-widget-wrap elementor-element-populated\">\n\t\t\t\t\t\t\t\t<div class=\"elementor-element elementor-element-d67aff5 elementor-widget elementor-widget-heading\" data-id=\"d67aff5\" data-element_type=\"widget\" data-widget_type=\"heading.default\">\n\t\t\t\t<div class=\"elementor-widget-container\">\n\t\t\t<h2 class=\"elementor-heading-title elementor-size-default\">HOLISTI\u010cNA NEGA OBRAZA z  lifting masa\u017eo<\/h2>\t\t<\/div>\n\t\t\t\t<\/div>\n\t\t\t\t\t<\/div>\n\t\t<\/div>\n\t\t\t\t\t\t\t<\/div>\n\t\t<\/section>\n\t\t\t\t<section class=\"elementor-section elementor-top-section elementor-element elementor-element-9a00ba6 elementor-section-boxed elementor-section-height-default elementor-section-height-default\" data-id=\"9a00ba6\" data-element_type=\"section\" data-settings=\"{&quot;jet_parallax_layout_list&quot;:[]}\">\n\t\t\t\t\t\t<div class=\"elementor-container elementor-column-gap-default\">\n\t\t\t\t\t<div class=\"elementor-column elementor-col-100 elementor-top-column elementor-element elementor-element-e966000\" data-id=\"e966000\" data-element_type=\"column\">\n\t\t\t<div class=\"elementor-widget-wrap elementor-element-populated\">\n\t\t\t\t\t\t\t\t<div class=\"elementor-element elementor-element-2a32a47 elementor-widget elementor-widget-spacer\" data-id=\"2a32a47\" data-element_type=\"widget\" data-widget_type=\"spacer.default\">\n\t\t\t\t<div class=\"elementor-widget-container\">\n\t\t\t\t\t<div class=\"elementor-spacer\">\n\t\t\t<div class=\"elementor-spacer-inner\"><\/div>\n\t\t<\/div>\n\t\t\t\t<\/div>\n\t\t\t\t<\/div>\n\t\t\t\t\t<\/div>\n\t\t<\/div>\n\t\t\t\t\t\t\t<\/div>\n\t\t<\/section>\n\t\t\t\t<section class=\"elementor-section elementor-top-section elementor-element elementor-element-d24ce43 elementor-section-boxed elementor-section-height-default elementor-section-height-default\" data-id=\"d24ce43\" data-element_type=\"section\" data-settings=\"{&quot;jet_parallax_layout_list&quot;:[]}\">\n\t\t\t\t\t\t\t<div class=\"elementor-background-overlay\"><\/div>\n\t\t\t\t\t\t\t<div class=\"elementor-container elementor-column-gap-default\">\n\t\t\t\t\t<div class=\"elementor-column elementor-col-100 elementor-top-column elementor-element elementor-element-81e26d8\" data-id=\"81e26d8\" data-element_type=\"column\">\n\t\t\t<div class=\"elementor-widget-wrap elementor-element-populated\">\n\t\t\t\t\t\t\t\t<section class=\"elementor-section elementor-inner-section elementor-element elementor-element-a38c388 elementor-section-boxed elementor-section-height-default elementor-section-height-default\" data-id=\"a38c388\" data-element_type=\"section\" data-settings=\"{&quot;jet_parallax_layout_list&quot;:[]}\">\n\t\t\t\t\t\t<div class=\"elementor-container elementor-column-gap-default\">\n\t\t\t\t\t<div class=\"elementor-column elementor-col-50 elementor-inner-column elementor-element elementor-element-19c9a19\" data-id=\"19c9a19\" data-element_type=\"column\">\n\t\t\t<div class=\"elementor-widget-wrap elementor-element-populated\">\n\t\t\t\t\t\t\t\t<div class=\"elementor-element elementor-element-9969759 elementor-widget elementor-widget-text-editor\" data-id=\"9969759\" data-element_type=\"widget\" data-widget_type=\"text-editor.default\">\n\t\t\t\t<div class=\"elementor-widget-container\">\n\t\t\t\t\t\t\t<p>Holisti\u010dni (celostni) pristop je zraven nege z izbranimi izdelki namenjen tudi svetovanju o pravilni negi ko\u017ee doma, o prehranjevalnih navadah, ki se lahko odra\u017eajo na ko\u017ei, pomenu sprostitve in meditacije ter tehnikah za odpravljanje negativnih \u010dustvenih stanj, ki sem nam ka\u017eejo v ekspresiji obraza.<\/p>\n<p>Pri tej negi je poudarek na negovanju&nbsp; ko\u017ee z izbranimi izdelki, ki so prijazni na\u0161i ko\u017ei, ustvarijo ravnovesje in nam povrnejo na\u0161o lepoto. Temeljijo na izboru naravnih sestavin, maske ter olja so individualno prilagojena. Masa\u017ene tehnike, ki jih uporabljam, so preplet vsega znanja zadnjih let. Vklju\u010dujem masa\u017eo po Eve Taylor, skadinavsko masa\u017eo, kitajsko blefarolift masa\u017eo, ki sem jo uspe\u0161no kon\u010dala na ruski akademiji za lepoto. Zraven fizi\u010dnega delovanja na mi\u0161ice obraza se uporablja tudi energetiziranje obraza, kar nam daje dodatno sve\u017eino in sijaj. Za masa\u017eo se uporabljajo hladno stiskana in ekolo\u0161ka olja, olje grozdnih pe\u010dk, ki deluje izrazito antioksidativno, jojoba olje, olje ri\u017eevih lu\u0161\u010din, skvalan. V me\u0161anico so prav tako vklju\u010dena aktivna olja, kot npr. acai devi\u0161ko olje, boragino olje, le\u0161nikovo olje, olje kamelije, olje semen kaktusa opuncija, olje semen lubenice ter \u0161ipkovo olje. Anhidridni serumi vsebujejo bakuchiol kot aktivno sestavino, ki nadomesti retinol, zmanj\u0161uje gube deluje pomlajevalno, stimulira tvorbo kolagena in ima antioksidativno delovanje. Ko\u017ea je po uporabi teh olj izrazito nahranjena, \u017eametna in sijo\u010da. Tretma je izredno spro\u0161\u010dujo\u010d za du\u0161o, lepota in sijaj pa prihajata iz na\u0161e notranje naravnanosti, umirjenosti ter samozavesti.<\/p>\t\t\t\t\t\t<\/div>\n\t\t\t\t<\/div>\n\t\t\t\t\t<\/div>\n\t\t<\/div>\n\t\t\t\t<div class=\"elementor-column elementor-col-50 elementor-inner-column elementor-element elementor-element-f92b787\" data-id=\"f92b787\" data-element_type=\"column\">\n\t\t\t<div class=\"elementor-widget-wrap elementor-element-populated\">\n\t\t\t\t\t\t\t\t<div class=\"elementor-element elementor-element-32a4bef elementor-widget elementor-widget-image\" data-id=\"32a4bef\" data-element_type=\"widget\" data-widget_type=\"image.default\">\n\t\t\t\t<div class=\"elementor-widget-container\">\n\t\t\t\t\t\t\t\t\t\t\t\t\t\t\t<img decoding=\"async\" width=\"768\" height=\"511\" src=\"https:\/\/www.lepotilnicazaduso.com\/wp-content\/uploads\/2022\/12\/DR1_6935-Edit-scaled.jpg\" class=\"attachment-medium_large size-medium_large wp-image-29400\" alt=\"dr1 6935 edit\" \/>\t\t\t\t\t\t\t\t\t\t\t\t\t\t\t<\/div>\n\t\t\t\t<\/div>\n\t\t\t\t\t<\/div>\n\t\t<\/div>\n\t\t\t\t\t\t\t<\/div>\n\t\t<\/section>\n\t\t\t\t\t<\/div>\n\t\t<\/div>\n\t\t\t\t\t\t\t<\/div>\n\t\t<\/section>\n\t\t\t\t\t\t\t<\/div>","protected":false},"excerpt":{"rendered":"<p>Holisti\u010dni (celostni) pristop je zraven nege z izbranimi izdelki namenjen tudi svetovanju o pravilni negi ko\u017ee doma, o prehranjevalnih navadah, ki se lahko odra\u017eajo na ko\u017ei, pomenu sprostitve in meditacije ter tehnikah za odpravljanje negativnih \u010dustvenih stanj, ki sem nam ka\u017eejo v ekspresiji obraza. Pri tej negi je poudarek na negovanju&nbsp; ko\u017ee z izbranimi izdelki, [&hellip;]<\/p>","protected":false},"author":1,"featured_media":0,"parent":29385,"menu_order":0,"comment_status":"closed","ping_status":"closed","template":"","meta":{"_seopress_robots_primary_cat":"","footnotes":""},"_links":{"self":[{"href":"https:\/\/www.lepotilnicazaduso.com\/en\/wp-json\/wp\/v2\/pages\/29474"}],"collection":[{"href":"https:\/\/www.lepotilnicazaduso.com\/en\/wp-json\/wp\/v2\/pages"}],"about":[{"href":"https:\/\/www.lepotilnicazaduso.com\/en\/wp-json\/wp\/v2\/types\/page"}],"author":[{"embeddable":true,"href":"https:\/\/www.lepotilnicazaduso.com\/en\/wp-json\/wp\/v2\/users\/1"}],"replies":[{"embeddable":true,"href":"https:\/\/www.lepotilnicazaduso.com\/en\/wp-json\/wp\/v2\/comments?post=29474"}],"version-history":[{"count":0,"href":"https:\/\/www.lepotilnicazaduso.com\/en\/wp-json\/wp\/v2\/pages\/29474\/revisions"}],"up":[{"embeddable":true,"href":"https:\/\/www.lepotilnicazaduso.com\/en\/wp-json\/wp\/v2\/pages\/29385"}],"wp:attachment":[{"href":"https:\/\/www.lepotilnicazaduso.com\/en\/wp-json\/wp\/v2\/media?parent=29474"}],"curies":[{"name":"wp","href":"https:\/\/api.w.org\/{rel}","templated":true}]}}