{"id":29479,"date":"2022-12-28T11:09:29","date_gmt":"2022-12-28T11:09:29","guid":{"rendered":"https:\/\/www.ivh9.si\/Ponudbe\/lepotilnica\/holisticna-nega-obraza-z-lifting-masazo-copy\/"},"modified":"2023-01-30T11:48:27","modified_gmt":"2023-01-30T11:48:27","slug":"kristalna-energijska-nega-obraza","status":"publish","type":"page","link":"https:\/\/www.lepotilnicazaduso.com\/en\/ponudba\/kristalna-energijska-nega-obraza\/","title":{"rendered":"KRISTALNA ENERGIJSKA NEGA OBRAZA"},"content":{"rendered":"<div data-elementor-type=\"wp-page\" data-elementor-id=\"29479\" class=\"elementor elementor-29479\" data-elementor-post-type=\"page\">\n\t\t\t\t\t\t\t\t\t<section class=\"elementor-section elementor-top-section elementor-element elementor-element-afee6b7 elementor-section-boxed elementor-section-height-default elementor-section-height-default\" data-id=\"afee6b7\" data-element_type=\"section\" data-settings=\"{&quot;jet_parallax_layout_list&quot;:[]}\">\n\t\t\t\t\t\t\t<div class=\"elementor-background-overlay\"><\/div>\n\t\t\t\t\t\t\t<div class=\"elementor-container elementor-column-gap-default\">\n\t\t\t\t\t<div class=\"elementor-column elementor-col-100 elementor-top-column elementor-element elementor-element-a4bb564\" data-id=\"a4bb564\" data-element_type=\"column\">\n\t\t\t<div class=\"elementor-widget-wrap elementor-element-populated\">\n\t\t\t\t\t\t\t\t<div class=\"elementor-element elementor-element-d67aff5 elementor-widget elementor-widget-heading\" data-id=\"d67aff5\" data-element_type=\"widget\" data-widget_type=\"heading.default\">\n\t\t\t\t<div class=\"elementor-widget-container\">\n\t\t\t<h2 class=\"elementor-heading-title elementor-size-default\">KRISTALNA ENERGIJSKA NEGA OBRAZA<\/h2>\t\t<\/div>\n\t\t\t\t<\/div>\n\t\t\t\t\t<\/div>\n\t\t<\/div>\n\t\t\t\t\t\t\t<\/div>\n\t\t<\/section>\n\t\t\t\t<section class=\"elementor-section elementor-top-section elementor-element elementor-element-9a00ba6 elementor-section-boxed elementor-section-height-default elementor-section-height-default\" data-id=\"9a00ba6\" data-element_type=\"section\" data-settings=\"{&quot;jet_parallax_layout_list&quot;:[]}\">\n\t\t\t\t\t\t<div class=\"elementor-container elementor-column-gap-default\">\n\t\t\t\t\t<div class=\"elementor-column elementor-col-100 elementor-top-column elementor-element elementor-element-e966000\" data-id=\"e966000\" data-element_type=\"column\">\n\t\t\t<div class=\"elementor-widget-wrap elementor-element-populated\">\n\t\t\t\t\t\t\t\t<div class=\"elementor-element elementor-element-2a32a47 elementor-widget elementor-widget-spacer\" data-id=\"2a32a47\" data-element_type=\"widget\" data-widget_type=\"spacer.default\">\n\t\t\t\t<div class=\"elementor-widget-container\">\n\t\t\t\t\t<div class=\"elementor-spacer\">\n\t\t\t<div class=\"elementor-spacer-inner\"><\/div>\n\t\t<\/div>\n\t\t\t\t<\/div>\n\t\t\t\t<\/div>\n\t\t\t\t\t<\/div>\n\t\t<\/div>\n\t\t\t\t\t\t\t<\/div>\n\t\t<\/section>\n\t\t\t\t<section class=\"elementor-section elementor-top-section elementor-element elementor-element-d24ce43 elementor-section-boxed elementor-section-height-default elementor-section-height-default\" data-id=\"d24ce43\" data-element_type=\"section\" data-settings=\"{&quot;jet_parallax_layout_list&quot;:[]}\">\n\t\t\t\t\t\t\t<div class=\"elementor-background-overlay\"><\/div>\n\t\t\t\t\t\t\t<div class=\"elementor-container elementor-column-gap-default\">\n\t\t\t\t\t<div class=\"elementor-column elementor-col-100 elementor-top-column elementor-element elementor-element-81e26d8\" data-id=\"81e26d8\" data-element_type=\"column\">\n\t\t\t<div class=\"elementor-widget-wrap elementor-element-populated\">\n\t\t\t\t\t\t\t\t<section class=\"elementor-section elementor-inner-section elementor-element elementor-element-a38c388 elementor-section-boxed elementor-section-height-default elementor-section-height-default\" data-id=\"a38c388\" data-element_type=\"section\" data-settings=\"{&quot;jet_parallax_layout_list&quot;:[]}\">\n\t\t\t\t\t\t<div class=\"elementor-container elementor-column-gap-default\">\n\t\t\t\t\t<div class=\"elementor-column elementor-col-50 elementor-inner-column elementor-element elementor-element-19c9a19\" data-id=\"19c9a19\" data-element_type=\"column\">\n\t\t\t<div class=\"elementor-widget-wrap elementor-element-populated\">\n\t\t\t\t\t\t\t\t<div class=\"elementor-element elementor-element-9969759 elementor-widget elementor-widget-text-editor\" data-id=\"9969759\" data-element_type=\"widget\" data-widget_type=\"text-editor.default\">\n\t\t\t\t<div class=\"elementor-widget-container\">\n\t\t\t\t\t\t\t<p>Izvaja se ob spro\u0161\u010dujo\u010di glasbi, v energijsko \u010distem prostoru, s pre\u010di\u0161\u010denimi, napolnjenimi kristali. Masira se cel obraz, vrat ter dekolte. Zraven masa\u017ee se kristali hkrati polagajo na razli\u010dne dele obraza in telesa za vzpostavitev harmoni\u010dnega in zdravilnega polja.<\/p>\n<p>S svojo vibracijo prodirajo v na\u0161e mentalno telo, kjer je sede\u017e na\u0161ih stali\u0161\u010d do sebe in drugih. Spro\u0161\u010dajo in raztapljajo na\u0161e miselne vzorce ter nas tem zdravijo. Na obrazu imamo refleksne cone na\u0161ih notranjih organov in tako z masa\u017eo in s kristali vplivamo na celo telo. Vzpostavi se ravnovesje v telesu, krepi se imunski sistem, pove\u010da se dotok kisika in izmenjava hranilnih snovi.<\/p>\n<p>Uporablja se kamena strela, ro\u017eevec, ametist, \u010drni turmalin, \u017ead, karneol, mese\u010dev kamen, modri ahat in aventurin. Kristali se izbirajo s pomo\u010djo intuicije glede na individualno te\u017eavo.<\/p>\n<p>Sve\u017eina izgleda, napetost ko\u017ee, umirjenost, osredoto\u010denost so rezultati dela s kristali.<\/p>\n<p><span style=\"font-family: Roboto, sans-serif; font-size: 15px; font-style: normal; font-variant-ligatures: normal; font-variant-caps: normal; font-weight: 300;\">Cena za tretma, ki traja 1 uro je 55 \u20ac.<\/span><br><\/p>\t\t\t\t\t\t<\/div>\n\t\t\t\t<\/div>\n\t\t\t\t\t<\/div>\n\t\t<\/div>\n\t\t\t\t<div class=\"elementor-column elementor-col-50 elementor-inner-column elementor-element elementor-element-f92b787\" data-id=\"f92b787\" data-element_type=\"column\">\n\t\t\t<div class=\"elementor-widget-wrap elementor-element-populated\">\n\t\t\t\t\t\t\t\t<div class=\"elementor-element elementor-element-32a4bef elementor-widget elementor-widget-image\" data-id=\"32a4bef\" data-element_type=\"widget\" data-widget_type=\"image.default\">\n\t\t\t\t<div class=\"elementor-widget-container\">\n\t\t\t\t\t\t\t\t\t\t\t\t\t\t\t<img decoding=\"async\" width=\"768\" height=\"511\" src=\"https:\/\/www.lepotilnicazaduso.com\/wp-content\/uploads\/2022\/12\/DR1_6980-Edit-scaled.jpg\" class=\"attachment-medium_large size-medium_large wp-image-29404\" alt=\"dr1 6980 edit\" \/>\t\t\t\t\t\t\t\t\t\t\t\t\t\t\t<\/div>\n\t\t\t\t<\/div>\n\t\t\t\t\t<\/div>\n\t\t<\/div>\n\t\t\t\t\t\t\t<\/div>\n\t\t<\/section>\n\t\t\t\t\t<\/div>\n\t\t<\/div>\n\t\t\t\t\t\t\t<\/div>\n\t\t<\/section>\n\t\t\t\t\t\t\t<\/div>","protected":false},"excerpt":{"rendered":"<p>Izvaja se ob spro\u0161\u010dujo\u010di glasbi, v energijsko \u010distem prostoru, s pre\u010di\u0161\u010denimi, napolnjenimi kristali. Masira se cel obraz, vrat ter dekolte. Zraven masa\u017ee se kristali hkrati polagajo na razli\u010dne dele obraza in telesa za vzpostavitev harmoni\u010dnega in zdravilnega polja. S svojo vibracijo prodirajo v na\u0161e mentalno telo, kjer je sede\u017e na\u0161ih stali\u0161\u010d do sebe in drugih. [&hellip;]<\/p>","protected":false},"author":1,"featured_media":0,"parent":29385,"menu_order":0,"comment_status":"closed","ping_status":"closed","template":"","meta":{"_seopress_robots_primary_cat":"","footnotes":""},"_links":{"self":[{"href":"https:\/\/www.lepotilnicazaduso.com\/en\/wp-json\/wp\/v2\/pages\/29479"}],"collection":[{"href":"https:\/\/www.lepotilnicazaduso.com\/en\/wp-json\/wp\/v2\/pages"}],"about":[{"href":"https:\/\/www.lepotilnicazaduso.com\/en\/wp-json\/wp\/v2\/types\/page"}],"author":[{"embeddable":true,"href":"https:\/\/www.lepotilnicazaduso.com\/en\/wp-json\/wp\/v2\/users\/1"}],"replies":[{"embeddable":true,"href":"https:\/\/www.lepotilnicazaduso.com\/en\/wp-json\/wp\/v2\/comments?post=29479"}],"version-history":[{"count":0,"href":"https:\/\/www.lepotilnicazaduso.com\/en\/wp-json\/wp\/v2\/pages\/29479\/revisions"}],"up":[{"embeddable":true,"href":"https:\/\/www.lepotilnicazaduso.com\/en\/wp-json\/wp\/v2\/pages\/29385"}],"wp:attachment":[{"href":"https:\/\/www.lepotilnicazaduso.com\/en\/wp-json\/wp\/v2\/media?parent=29479"}],"curies":[{"name":"wp","href":"https:\/\/api.w.org\/{rel}","templated":true}]}}