{"id":29484,"date":"2022-12-28T11:10:24","date_gmt":"2022-12-28T11:10:24","guid":{"rendered":"https:\/\/www.ivh9.si\/Ponudbe\/lepotilnica\/biosinergija-copy\/"},"modified":"2023-01-30T11:47:10","modified_gmt":"2023-01-30T11:47:10","slug":"aroma-face-emocionalna-refleksoterapija-obraza","status":"publish","type":"page","link":"https:\/\/www.lepotilnicazaduso.com\/en\/ponudba\/aroma-face-emocionalna-refleksoterapija-obraza\/","title":{"rendered":"AROMA FACE &#8211; emocionalna refleksoterapija obraza"},"content":{"rendered":"<div data-elementor-type=\"wp-page\" data-elementor-id=\"29484\" class=\"elementor elementor-29484\" data-elementor-post-type=\"page\">\n\t\t\t\t\t\t\t\t\t<section class=\"elementor-section elementor-top-section elementor-element elementor-element-afee6b7 elementor-section-boxed elementor-section-height-default elementor-section-height-default\" data-id=\"afee6b7\" data-element_type=\"section\" data-settings=\"{&quot;jet_parallax_layout_list&quot;:[]}\">\n\t\t\t\t\t\t\t<div class=\"elementor-background-overlay\"><\/div>\n\t\t\t\t\t\t\t<div class=\"elementor-container elementor-column-gap-default\">\n\t\t\t\t\t<div class=\"elementor-column elementor-col-100 elementor-top-column elementor-element elementor-element-a4bb564\" data-id=\"a4bb564\" data-element_type=\"column\">\n\t\t\t<div class=\"elementor-widget-wrap elementor-element-populated\">\n\t\t\t\t\t\t\t\t<div class=\"elementor-element elementor-element-d67aff5 elementor-widget elementor-widget-heading\" data-id=\"d67aff5\" data-element_type=\"widget\" data-widget_type=\"heading.default\">\n\t\t\t\t<div class=\"elementor-widget-container\">\n\t\t\t<h2 class=\"elementor-heading-title elementor-size-default\">AROMA FACE &#8211; emocionalna refleksoterapija obraza<\/h2>\t\t<\/div>\n\t\t\t\t<\/div>\n\t\t\t\t\t<\/div>\n\t\t<\/div>\n\t\t\t\t\t\t\t<\/div>\n\t\t<\/section>\n\t\t\t\t<section class=\"elementor-section elementor-top-section elementor-element elementor-element-9a00ba6 elementor-section-boxed elementor-section-height-default elementor-section-height-default\" data-id=\"9a00ba6\" data-element_type=\"section\" data-settings=\"{&quot;jet_parallax_layout_list&quot;:[]}\">\n\t\t\t\t\t\t<div class=\"elementor-container elementor-column-gap-default\">\n\t\t\t\t\t<div class=\"elementor-column elementor-col-100 elementor-top-column elementor-element elementor-element-e966000\" data-id=\"e966000\" data-element_type=\"column\">\n\t\t\t<div class=\"elementor-widget-wrap elementor-element-populated\">\n\t\t\t\t\t\t\t\t<div class=\"elementor-element elementor-element-2a32a47 elementor-widget elementor-widget-spacer\" data-id=\"2a32a47\" data-element_type=\"widget\" data-widget_type=\"spacer.default\">\n\t\t\t\t<div class=\"elementor-widget-container\">\n\t\t\t\t\t<div class=\"elementor-spacer\">\n\t\t\t<div class=\"elementor-spacer-inner\"><\/div>\n\t\t<\/div>\n\t\t\t\t<\/div>\n\t\t\t\t<\/div>\n\t\t\t\t\t<\/div>\n\t\t<\/div>\n\t\t\t\t\t\t\t<\/div>\n\t\t<\/section>\n\t\t\t\t<section class=\"elementor-section elementor-top-section elementor-element elementor-element-d24ce43 elementor-section-boxed elementor-section-height-default elementor-section-height-default\" data-id=\"d24ce43\" data-element_type=\"section\" data-settings=\"{&quot;jet_parallax_layout_list&quot;:[]}\">\n\t\t\t\t\t\t\t<div class=\"elementor-background-overlay\"><\/div>\n\t\t\t\t\t\t\t<div class=\"elementor-container elementor-column-gap-default\">\n\t\t\t\t\t<div class=\"elementor-column elementor-col-100 elementor-top-column elementor-element elementor-element-81e26d8\" data-id=\"81e26d8\" data-element_type=\"column\">\n\t\t\t<div class=\"elementor-widget-wrap elementor-element-populated\">\n\t\t\t\t\t\t\t\t<section class=\"elementor-section elementor-inner-section elementor-element elementor-element-a38c388 elementor-section-boxed elementor-section-height-default elementor-section-height-default\" data-id=\"a38c388\" data-element_type=\"section\" data-settings=\"{&quot;jet_parallax_layout_list&quot;:[]}\">\n\t\t\t\t\t\t<div class=\"elementor-container elementor-column-gap-default\">\n\t\t\t\t\t<div class=\"elementor-column elementor-col-100 elementor-inner-column elementor-element elementor-element-19c9a19\" data-id=\"19c9a19\" data-element_type=\"column\">\n\t\t\t<div class=\"elementor-widget-wrap elementor-element-populated\">\n\t\t\t\t\t\t\t\t<div class=\"elementor-element elementor-element-9969759 elementor-widget elementor-widget-text-editor\" data-id=\"9969759\" data-element_type=\"widget\" data-widget_type=\"text-editor.default\">\n\t\t\t\t<div class=\"elementor-widget-container\">\n\t\t\t\t\t\t\t<p>Vsa \u010dustva se ka\u017eejo v na\u0161i ekspresiji obraza. Z znanjem in obravnavo refleksnih con obraza vplivamo na njegov izgled in na celotno telo. Obraz je namre\u010d zemljevid na\u0161e du\u0161e, osebna karta. Emocionalne cone obraza izra\u017eajo na\u0161e psiholo\u0161ko stanje in tako nam obraz ka\u017ee, koliko smo povezani z du\u0161o, koliko zadovoljujemo svoje potrebe. Lahko imamo \u017ealosten izgled obraza, jezen, melanholi\u010den, besen izgled, nesre\u010den, nezainteresiran, prestra\u0161en, radosten, neizra\u017een, zadovoljen \u2026 Izraz obraza ka\u017ee karakter \u010dloveka, nevrobiologijo organizma in psiholo\u0161ko odzivanje na dane situacije. S tehniko Aroma face ter s cvetnimi olji se osvobodimo nezavednih emocij, jih s pomo\u010djo terapevta ozavestimo in transformiramo oziroma integriramo v na\u0161e \u017eivljenje.<\/p>\t\t\t\t\t\t<\/div>\n\t\t\t\t<\/div>\n\t\t\t\t\t<\/div>\n\t\t<\/div>\n\t\t\t\t\t\t\t<\/div>\n\t\t<\/section>\n\t\t\t\t\t<\/div>\n\t\t<\/div>\n\t\t\t\t\t\t\t<\/div>\n\t\t<\/section>\n\t\t\t\t<section class=\"elementor-section elementor-top-section elementor-element elementor-element-1223ad4 elementor-section-boxed elementor-section-height-default elementor-section-height-default\" data-id=\"1223ad4\" data-element_type=\"section\" data-settings=\"{&quot;jet_parallax_layout_list&quot;:[]}\">\n\t\t\t\t\t\t<div class=\"elementor-container elementor-column-gap-default\">\n\t\t\t\t\t<div class=\"elementor-column elementor-col-100 elementor-top-column elementor-element elementor-element-daf2be3\" data-id=\"daf2be3\" data-element_type=\"column\">\n\t\t\t<div class=\"elementor-widget-wrap elementor-element-populated\">\n\t\t\t\t\t\t\t\t<section class=\"elementor-section elementor-inner-section elementor-element elementor-element-9d4742e elementor-section-boxed elementor-section-height-default elementor-section-height-default\" data-id=\"9d4742e\" data-element_type=\"section\" data-settings=\"{&quot;jet_parallax_layout_list&quot;:[]}\">\n\t\t\t\t\t\t<div class=\"elementor-container elementor-column-gap-default\">\n\t\t\t\t\t<div class=\"elementor-column elementor-col-50 elementor-inner-column elementor-element elementor-element-b4a3954\" data-id=\"b4a3954\" data-element_type=\"column\">\n\t\t\t<div class=\"elementor-widget-wrap elementor-element-populated\">\n\t\t\t\t\t\t\t\t<div class=\"elementor-element elementor-element-55cd83e elementor-widget elementor-widget-heading\" data-id=\"55cd83e\" data-element_type=\"widget\" data-widget_type=\"heading.default\">\n\t\t\t\t<div class=\"elementor-widget-container\">\n\t\t\t<h2 class=\"elementor-heading-title elementor-size-default\">Eteri\u010dna olja, ki se uporabljajo pri tej tehniki so: <\/h2>\t\t<\/div>\n\t\t\t\t<\/div>\n\t\t\t\t<div class=\"elementor-element elementor-element-efb52d8 elementor-widget elementor-widget-text-editor\" data-id=\"efb52d8\" data-element_type=\"widget\" data-widget_type=\"text-editor.default\">\n\t\t\t\t<div class=\"elementor-widget-container\">\n\t\t\t\t\t\t\t<ul><li>vrtnica (Rosa \u00a0damascena),<\/li><li>neroli (Citrus aurantium var. amara flos),<\/li><li>smilj( Helichrysum angustifolium),<\/li><li>vijolica (Viola odorata),<\/li><li>ylang ylang (Cananga odorata),<\/li><li>jasmin ( Jasminum officinale),<\/li><li>rimska kamilica (Chamaemelum nobile),<\/li><li>santolina (Santolina chamaecyparissus) in<\/li><li>sivka ( Lavandula angustifolia).<\/li><\/ul>\t\t\t\t\t\t<\/div>\n\t\t\t\t<\/div>\n\t\t\t\t\t<\/div>\n\t\t<\/div>\n\t\t\t\t<div class=\"elementor-column elementor-col-50 elementor-inner-column elementor-element elementor-element-f92b787\" data-id=\"f92b787\" data-element_type=\"column\">\n\t\t\t<div class=\"elementor-widget-wrap elementor-element-populated\">\n\t\t\t\t\t\t\t\t<div class=\"elementor-element elementor-element-32a4bef elementor-widget elementor-widget-image\" data-id=\"32a4bef\" data-element_type=\"widget\" data-widget_type=\"image.default\">\n\t\t\t\t<div class=\"elementor-widget-container\">\n\t\t\t\t\t\t\t\t\t\t\t\t\t\t\t<img decoding=\"async\" width=\"768\" height=\"511\" src=\"https:\/\/www.lepotilnicazaduso.com\/wp-content\/uploads\/2022\/12\/DR1_6891-Edit-scaled.jpg\" class=\"attachment-medium_large size-medium_large wp-image-29394\" alt=\"dr1 6891 edit\" \/>\t\t\t\t\t\t\t\t\t\t\t\t\t\t\t<\/div>\n\t\t\t\t<\/div>\n\t\t\t\t\t<\/div>\n\t\t<\/div>\n\t\t\t\t\t\t\t<\/div>\n\t\t<\/section>\n\t\t\t\t\t<\/div>\n\t\t<\/div>\n\t\t\t\t\t\t\t<\/div>\n\t\t<\/section>\n\t\t\t\t<section class=\"elementor-section elementor-top-section elementor-element elementor-element-00b87c2 elementor-section-boxed elementor-section-height-default elementor-section-height-default\" data-id=\"00b87c2\" data-element_type=\"section\" data-settings=\"{&quot;jet_parallax_layout_list&quot;:[]}\">\n\t\t\t\t\t\t\t<div class=\"elementor-background-overlay\"><\/div>\n\t\t\t\t\t\t\t<div class=\"elementor-container elementor-column-gap-default\">\n\t\t\t\t\t<div class=\"elementor-column elementor-col-100 elementor-top-column elementor-element elementor-element-eacd11b\" data-id=\"eacd11b\" data-element_type=\"column\">\n\t\t\t<div class=\"elementor-widget-wrap elementor-element-populated\">\n\t\t\t\t\t\t\t\t<section class=\"elementor-section elementor-inner-section elementor-element elementor-element-eef08c5 elementor-section-boxed elementor-section-height-default elementor-section-height-default\" data-id=\"eef08c5\" data-element_type=\"section\" data-settings=\"{&quot;jet_parallax_layout_list&quot;:[]}\">\n\t\t\t\t\t\t<div class=\"elementor-container elementor-column-gap-default\">\n\t\t\t\t\t<div class=\"elementor-column elementor-col-100 elementor-inner-column elementor-element elementor-element-a2e4372\" data-id=\"a2e4372\" data-element_type=\"column\">\n\t\t\t<div class=\"elementor-widget-wrap elementor-element-populated\">\n\t\t\t\t\t\t\t\t<div class=\"elementor-element elementor-element-4bcbb80 elementor-widget elementor-widget-text-editor\" data-id=\"4bcbb80\" data-element_type=\"widget\" data-widget_type=\"text-editor.default\">\n\t\t\t\t<div class=\"elementor-widget-container\">\n\t\t\t\t\t\t\t<p>Eteri\u010dna olja so razred\u010dena v rastlinskih oljih, ki globoko nahranijo ko\u017eo. Uporablja se arganovo olje, olje malinovih semen ter olje makadamije. Eteri\u010dna olja imajo visoko duhovno vibracijo, vsako predstavlja dolo\u010den arhetip, to je model osebnosti oz. obna\u0161anja v dani situaciji. Izbira temelji na intuiciji in glede na cono, na katero eteri\u010dno olje nana\u0161amo. Tako je npr. arhetip nerolija princesa, ki nam pomaga, da se izrazimo v vsej svoji lepoti, daje nam odprtost, ob\u010dutek miru, vra\u010da nam dostojanstvo. Energija nerolija ozdravi na\u0161e izgube, emotivne rane, balansira \u010dustveno nestabilnost, razvija empatijo. Prav tako ve\u010da na\u0161o kreativnost, odpravlja kriticizem, odpira nam mo\u017enosti sprejemanja in dajanja ljubezni predvsem do samega sebe. Obraz je razdeljen na \u0161tiri podro\u010dja, na cono prejemanja oz. asimilacije, cono distribucije, cono eliminacije ter cono regeneracije. Vsako eteri\u010dno olje je namenjeno emociji, ki nanjo delujejo pomirjujo\u010de in osvobajajo\u010de. Obravnava vseh to\u010dk na obrazu, kjer so shranjene emocije spro\u017ei z le temi povezane ob\u010dutke in spomine. Prav tako lahko ob\u010dutimo senzacije v telesu, ki so povezane z odgovorom na akupresurne pritiske. Refleksne cone so namre\u010d povezane z meridiani in energetskimi centri, preko katerih dovajamo, odvajamo in deblokiramo energijo.<\/p>\n<p>Tretma se zaklju\u010di z masa\u017eo ter z limfno drena\u017eo obraza. Ta je potrebna za odplavljanje odpadnih snovi.<\/p>\n<p>Zahvala vi\u0161jemu vodstvu, hvale\u017enost za znanje, povezanost s klientom ter delo v so\u010dutju in ljubezni, je pogoj za uspe\u0161no izveden tretma.<\/p>\t\t\t\t\t\t<\/div>\n\t\t\t\t<\/div>\n\t\t\t\t\t<\/div>\n\t\t<\/div>\n\t\t\t\t\t\t\t<\/div>\n\t\t<\/section>\n\t\t\t\t\t<\/div>\n\t\t<\/div>\n\t\t\t\t\t\t\t<\/div>\n\t\t<\/section>\n\t\t\t\t\t\t\t<\/div>","protected":false},"excerpt":{"rendered":"<p>Vsa \u010dustva se ka\u017eejo v na\u0161i ekspresiji obraza. Z znanjem in obravnavo refleksnih con obraza vplivamo na njegov izgled in na celotno telo. Obraz je namre\u010d zemljevid na\u0161e du\u0161e, osebna karta. Emocionalne cone obraza izra\u017eajo na\u0161e psiholo\u0161ko stanje in tako nam obraz ka\u017ee, koliko smo povezani z du\u0161o, koliko zadovoljujemo svoje potrebe. Lahko imamo \u017ealosten [&hellip;]<\/p>","protected":false},"author":1,"featured_media":0,"parent":29385,"menu_order":0,"comment_status":"closed","ping_status":"closed","template":"","meta":{"_seopress_robots_primary_cat":"","footnotes":""},"_links":{"self":[{"href":"https:\/\/www.lepotilnicazaduso.com\/en\/wp-json\/wp\/v2\/pages\/29484"}],"collection":[{"href":"https:\/\/www.lepotilnicazaduso.com\/en\/wp-json\/wp\/v2\/pages"}],"about":[{"href":"https:\/\/www.lepotilnicazaduso.com\/en\/wp-json\/wp\/v2\/types\/page"}],"author":[{"embeddable":true,"href":"https:\/\/www.lepotilnicazaduso.com\/en\/wp-json\/wp\/v2\/users\/1"}],"replies":[{"embeddable":true,"href":"https:\/\/www.lepotilnicazaduso.com\/en\/wp-json\/wp\/v2\/comments?post=29484"}],"version-history":[{"count":0,"href":"https:\/\/www.lepotilnicazaduso.com\/en\/wp-json\/wp\/v2\/pages\/29484\/revisions"}],"up":[{"embeddable":true,"href":"https:\/\/www.lepotilnicazaduso.com\/en\/wp-json\/wp\/v2\/pages\/29385"}],"wp:attachment":[{"href":"https:\/\/www.lepotilnicazaduso.com\/en\/wp-json\/wp\/v2\/media?parent=29484"}],"curies":[{"name":"wp","href":"https:\/\/api.w.org\/{rel}","templated":true}]}}